{"id":3476,"date":"2016-03-04T13:18:56","date_gmt":"2016-03-04T12:18:56","guid":{"rendered":"http:\/\/www.suedsicht-projekte.de\/swingtec\/haftungsausschluss\/"},"modified":"2019-03-13T16:43:53","modified_gmt":"2019-03-13T15:43:53","slug":"haftungsausschluss","status":"publish","type":"page","link":"https:\/\/www.swingtec.de\/es\/haftungsausschluss\/","title":{"rendered":"Exenci\u00f3n de responsabilidad"},"content":{"rendered":"<p><strong>Responsabilidad por contenidos<\/strong><\/p>\n<p>Conforme al art. 7, p\u00e1rr. 1 de la Ley alemana de telecomunicaciones, como proveedores de servicios nos responsabilizamos de los contenidos propios de estas p\u00e1ginas en el sentido de las leyes generales. Sin embargo, conforme a los arts. 8-10 de dicha ley, no estamos obligados a supervisar la informaci\u00f3n transferida o almacenada de terceros o a investigar las circunstancias que puedan indicar una actividad contraria a la ley,<br \/>\nSin menoscabo de las obligaciones concernientes a la supresi\u00f3n o al bloqueo contra el uso de la informaci\u00f3n conforme a las leyes generales. No obstante, una responsabilidad en este sentido concurre en el momento en que se tiene constancia de una infracci\u00f3n concreta. En dicho momento, suprimiremos inmediatamente la informaci\u00f3n en cuesti\u00f3n.<\/p>\n<p><strong>Responsabilidad por enlaces<\/strong><\/p>\n<p>Nuestra oferta contiene enlaces a p\u00e1ginas web de terceros, sobre cuyo contenido no tenemos influencia alguna. Por eso no podemos asumir ninguna responsabilidad por estos contenidos ajenos. Del contenido de las p\u00e1ginas enlazadas es siempre responsable el correspondiente proveedor o administrador de las p\u00e1ginas. Estas p\u00e1ginas han sido revisadas en el momento de enlazarlas para descartar la presencia de infracciones. Al enlazar las p\u00e1ginas no se ha detectado ning\u00fan contenido susceptible de contravenir la legalidad.<br \/>\nSin embargo, no resulta viable realizar un control permanente de los contenidos de las p\u00e1ginas enlazadas sin contar con un elemento concreto de ilegalidad. En caso de conocimiento de infracciones legales suprimiremos inmediatamente dichos enlaces.<\/p>\n<p><strong>Propiedad intelectual<\/strong><\/p>\n<p>Los contenidos y las obras publicadas en estas p\u00e1ginas por el administrador est\u00e1n sujetos a la Ley alemana de propiedad intelectual. La reproducci\u00f3n, modificaci\u00f3n, distribuci\u00f3n o cualquier tipo de utilizaci\u00f3n de dichos contenidos m\u00e1s all\u00e1 de lo permitido por la Ley alemana de propiedad intelectual requiere de la autorizaci\u00f3n por escrito del autor. Las descargas y copias disponibles en estas p\u00e1ginas est\u00e1n destinadas a un uso privado y no comercial.<br \/>\nEn la medida en que los derechos de contenidos publicados no pertenezcan a esta empresa, se aplica el derecho a la propiedad intelectual de terceros. Esto se aplica especialmente a los contenidos de terceros identificados como tales. Rogamos que nos informe en caso de detectar posibles infracciones en materia de propiedad intelectual. En caso de conocimiento de infracciones legales suprimiremos inmediatamente dichos contenidos.<\/p>\n<p>Fuente: <a href=\"https:\/\/www.e-recht24.de\/\" target=\"_blank\" rel=\"noopener noreferrer\">eRecht24<\/a><\/p>\n","protected":false},"excerpt":{"rendered":"<p>Responsabilidad por contenidos Conforme al art. 7, p\u00e1rr. 1 de la Ley alemana de telecomunicaciones, como proveedores de servicios nos responsabilizamos de los contenidos propios de estas p\u00e1ginas en el sentido de las leyes generales. Sin embargo, conforme a los arts. 8-10 de dicha ley, no estamos obligados a supervisar la informaci\u00f3n transferida o almacenada [&hellip;]<\/p>\n","protected":false},"author":1,"featured_media":0,"parent":0,"menu_order":0,"comment_status":"closed","ping_status":"closed","template":"","meta":{"_acf_changed":false,"_monsterinsights_skip_tracking":false,"_monsterinsights_sitenote_active":false,"_monsterinsights_sitenote_note":"","_monsterinsights_sitenote_category":0,"footnotes":""},"categories":[],"tags":[],"acf":[],"aioseo_notices":[],"_links":{"self":[{"href":"https:\/\/www.swingtec.de\/es\/wp-json\/wp\/v2\/pages\/3476"}],"collection":[{"href":"https:\/\/www.swingtec.de\/es\/wp-json\/wp\/v2\/pages"}],"about":[{"href":"https:\/\/www.swingtec.de\/es\/wp-json\/wp\/v2\/types\/page"}],"author":[{"embeddable":true,"href":"https:\/\/www.swingtec.de\/es\/wp-json\/wp\/v2\/users\/1"}],"replies":[{"embeddable":true,"href":"https:\/\/www.swingtec.de\/es\/wp-json\/wp\/v2\/comments?post=3476"}],"version-history":[{"count":2,"href":"https:\/\/www.swingtec.de\/es\/wp-json\/wp\/v2\/pages\/3476\/revisions"}],"predecessor-version":[{"id":4504,"href":"https:\/\/www.swingtec.de\/es\/wp-json\/wp\/v2\/pages\/3476\/revisions\/4504"}],"wp:attachment":[{"href":"https:\/\/www.swingtec.de\/es\/wp-json\/wp\/v2\/media?parent=3476"}],"wp:term":[{"taxonomy":"category","embeddable":true,"href":"https:\/\/www.swingtec.de\/es\/wp-json\/wp\/v2\/categories?post=3476"},{"taxonomy":"post_tag","embeddable":true,"href":"https:\/\/www.swingtec.de\/es\/wp-json\/wp\/v2\/tags?post=3476"}],"curies":[{"name":"wp","href":"https:\/\/api.w.org\/{rel}","templated":true}]}}