{"id":3475,"date":"2016-03-04T13:18:56","date_gmt":"2016-03-04T12:18:56","guid":{"rendered":"http:\/\/www.suedsicht-projekte.de\/swingtec\/haftungsausschluss\/"},"modified":"2019-03-13T16:46:27","modified_gmt":"2019-03-13T15:46:27","slug":"haftungsausschluss","status":"publish","type":"page","link":"https:\/\/www.swingtec.de\/fr\/haftungsausschluss\/","title":{"rendered":"Clause de non-responsabilit\u00e9"},"content":{"rendered":"<p><strong>Responsabilit\u00e9 du contenu<\/strong><\/p>\n<p>En tant que prestataire de services, nous sommes responsables selon le \u00a7 7 art.1 TMG de nos propres contenus sur ces pages conform\u00e9ment aux lois g\u00e9n\u00e9rales. Conform\u00e9ment aux \u00a7\u00a7 8 \u00e0 10 TMG, nous ne sommes pas tenus, en tant que prestataire de services, de surveiller les informations transmises ou enregistr\u00e9es par des tiers ou d&rsquo;enqu\u00eater sur les circonstances qui indiquent une activit\u00e9 ill\u00e9gale.<br \/>\nLes obligations de supprimer ou de bloquer l&rsquo;utilisation des informations conform\u00e9ment aux lois g\u00e9n\u00e9rales n&rsquo;en sont pas affect\u00e9es. Toutefois, la responsabilit\u00e9 \u00e0 cet \u00e9gard n&rsquo;est possible qu&rsquo;\u00e0 partir du moment o\u00f9 l&rsquo;on a connaissance d&rsquo;une violation concr\u00e8te de la loi. D\u00e8s que nous aurons connaissance de telles infractions, nous supprimerons imm\u00e9diatement ces contenus.<\/p>\n<p><strong>Responsabilit\u00e9 pour les liens<\/strong><\/p>\n<p>Notre offre contient des liens vers des sites Web externes de tiers. Nous n&rsquo;avons aucune influence sur leurs contenus. C&rsquo;est pourquoi nous d\u00e9clinons toute responsabilit\u00e9 pour ces contenus externes. Le fournisseur ou l&rsquo;exploitant respectif des pages est toujours responsable du contenu des pages li\u00e9es. Les pages li\u00e9es ont \u00e9t\u00e9, au moment de l&rsquo;\u00e9tablissement du lien, soumises \u00e0 un contr\u00f4le concernant d&rsquo;\u00e9ventuelles violations de la loi. Des contenus ill\u00e9gaux n&rsquo;\u00e9taient pas reconnaissables au moment de la cr\u00e9ation des liens.<br \/>\nToutefois, un contr\u00f4le permanent du contenu des pages li\u00e9es n&rsquo;est pas raisonnable sans preuve concr\u00e8te d&rsquo;une violation de la loi. Nous supprimerons ces liens d\u00e8s que nous aurons connaissance d&rsquo;une violation de la loi.<\/p>\n<p><strong>Droit d&rsquo;auteur<\/strong><\/p>\n<p>Le contenu et les \u0153uvres de ces pages cr\u00e9\u00e9es par les exploitants du site sont soumis au droit d&rsquo;auteur allemand. La reproduction, le traitement, la distribution et toute forme de commercialisation de ce mat\u00e9riel en dehors du champ d&rsquo;application de la loi sur le droit d&rsquo;auteur n\u00e9cessitent l&rsquo;autorisation \u00e9crite pr\u00e9alable de son auteur ou cr\u00e9ateur respectif. Le t\u00e9l\u00e9chargement et la copie de ces pages ne sont autoris\u00e9s que pour un usage priv\u00e9 et non commercial.<br \/>\nDans la mesure o\u00f9 le contenu de ce site n&rsquo;a pas \u00e9t\u00e9 cr\u00e9\u00e9 par l&rsquo;exploitant, les droits d&rsquo;auteur de tiers sont respect\u00e9s. En particulier, les contenus de tiers sont marqu\u00e9s comme tels. Si vous avez n\u00e9anmoins connaissance d&rsquo;une violation du droit d&rsquo;auteur, veuillez nous en informer. D\u00e8s que nous aurons connaissance de violations de la loi, nous supprimerons imm\u00e9diatement ces contenus.<\/p>\n<p>Source: <a href=\"https:\/\/www.e-recht24.de\/\" target=\"_blank\" rel=\"noopener noreferrer\">eRecht24<\/a><\/p>\n","protected":false},"excerpt":{"rendered":"<p>Responsabilit\u00e9 du contenu En tant que prestataire de services, nous sommes responsables selon le \u00a7 7 art.1 TMG de nos propres contenus sur ces pages conform\u00e9ment aux lois g\u00e9n\u00e9rales. Conform\u00e9ment aux \u00a7\u00a7 8 \u00e0 10 TMG, nous ne sommes pas tenus, en tant que prestataire de services, de surveiller les informations transmises ou enregistr\u00e9es par [&hellip;]<\/p>\n","protected":false},"author":1,"featured_media":0,"parent":0,"menu_order":0,"comment_status":"closed","ping_status":"closed","template":"","meta":{"_acf_changed":false,"_monsterinsights_skip_tracking":false,"_monsterinsights_sitenote_active":false,"_monsterinsights_sitenote_note":"","_monsterinsights_sitenote_category":0,"footnotes":""},"categories":[],"tags":[],"acf":[],"aioseo_notices":[],"_links":{"self":[{"href":"https:\/\/www.swingtec.de\/fr\/wp-json\/wp\/v2\/pages\/3475"}],"collection":[{"href":"https:\/\/www.swingtec.de\/fr\/wp-json\/wp\/v2\/pages"}],"about":[{"href":"https:\/\/www.swingtec.de\/fr\/wp-json\/wp\/v2\/types\/page"}],"author":[{"embeddable":true,"href":"https:\/\/www.swingtec.de\/fr\/wp-json\/wp\/v2\/users\/1"}],"replies":[{"embeddable":true,"href":"https:\/\/www.swingtec.de\/fr\/wp-json\/wp\/v2\/comments?post=3475"}],"version-history":[{"count":2,"href":"https:\/\/www.swingtec.de\/fr\/wp-json\/wp\/v2\/pages\/3475\/revisions"}],"predecessor-version":[{"id":4507,"href":"https:\/\/www.swingtec.de\/fr\/wp-json\/wp\/v2\/pages\/3475\/revisions\/4507"}],"wp:attachment":[{"href":"https:\/\/www.swingtec.de\/fr\/wp-json\/wp\/v2\/media?parent=3475"}],"wp:term":[{"taxonomy":"category","embeddable":true,"href":"https:\/\/www.swingtec.de\/fr\/wp-json\/wp\/v2\/categories?post=3475"},{"taxonomy":"post_tag","embeddable":true,"href":"https:\/\/www.swingtec.de\/fr\/wp-json\/wp\/v2\/tags?post=3475"}],"curies":[{"name":"wp","href":"https:\/\/api.w.org\/{rel}","templated":true}]}}