{"id":3478,"date":"2016-03-04T13:16:34","date_gmt":"2016-03-04T12:16:34","guid":{"rendered":"http:\/\/www.suedsicht-projekte.de\/swingtec\/impressum\/"},"modified":"2022-02-21T11:56:57","modified_gmt":"2022-02-21T10:56:57","slug":"impressum","status":"publish","type":"page","link":"https:\/\/www.swingtec.de\/fr\/impressum\/","title":{"rendered":"Mentions l\u00e9gales"},"content":{"rendered":"<h2>Informations selon le \u00a75 de la loi allemande sur les t\u00e9l\u00e9m\u00e9dias:<\/h2>\n<p>Swingtec GmbH<br \/>\nAchener Weg 59<br \/>\n88316 Isny &#8211; Germany<\/p>\n<p>Inscription au registre du commerce: R\u00e9f. HRB 620456<br \/>\nTribunal d&rsquo;enregistrement: Tribunal cantonal d&rsquo;Ulm<\/p>\n<p><strong>Repr\u00e9sent\u00e9 par:<\/strong><br \/>\nVolker Dietrich<\/p>\n<h2>Contact:<\/h2>\n<p>T\u00e9l\u00e9phone: +49 (0) 7562 708-0<br \/>\nFax: +49 (0) 7562 708-111<br \/>\ne-mail: info@swingtec.de<\/p>\n<h2>Adresse postale:<\/h2>\n<p>Postfach 1322,<br \/>\n88307 Isny &#8211; Germany<\/p>\n<h2>Num\u00e9ro d&rsquo;identification \u00e0 la TVA<\/h2>\n<p>conform\u00e9ment au \u00a727 a de la loi relative \u00e0 la taxe sur le chiffre d&rsquo;affaires<br \/>\nDE147353854<\/p>\n<h2>EU dispute resolution<\/h2>\n<p>The European Commission provides a platform for online dispute resolution (ODR): <a href=\"https:\/\/ec.europa.eu\/consumers\/odr\" target=\"_blank\" rel=\"noopener noreferrer\">https:\/\/ec.europa.eu\/consumers\/odr<\/a>.<br \/>\nOur e-mail address can be found above in the site notice.<\/p>\n<p>Cr\u00e9dit photo:<br \/>\n\u00a9 istockphoto.com\/Kativ<\/p>\n","protected":false},"excerpt":{"rendered":"<p>Informations selon le \u00a75 de la loi allemande sur les t\u00e9l\u00e9m\u00e9dias: Swingtec GmbH Achener Weg 59 88316 Isny &#8211; Germany Inscription au registre du commerce: R\u00e9f. HRB 620456 Tribunal d&rsquo;enregistrement: Tribunal cantonal d&rsquo;Ulm Repr\u00e9sent\u00e9 par: Volker Dietrich Contact: T\u00e9l\u00e9phone: +49 (0) 7562 708-0 Fax: +49 (0) 7562 708-111 e-mail: info@swingtec.de Adresse postale: Postfach 1322, 88307 [&hellip;]<\/p>\n","protected":false},"author":1,"featured_media":0,"parent":0,"menu_order":4,"comment_status":"closed","ping_status":"closed","template":"","meta":{"_acf_changed":false,"_monsterinsights_skip_tracking":false,"_monsterinsights_sitenote_active":false,"_monsterinsights_sitenote_note":"","_monsterinsights_sitenote_category":0,"footnotes":""},"categories":[],"tags":[],"acf":[],"aioseo_notices":[],"_links":{"self":[{"href":"https:\/\/www.swingtec.de\/fr\/wp-json\/wp\/v2\/pages\/3478"}],"collection":[{"href":"https:\/\/www.swingtec.de\/fr\/wp-json\/wp\/v2\/pages"}],"about":[{"href":"https:\/\/www.swingtec.de\/fr\/wp-json\/wp\/v2\/types\/page"}],"author":[{"embeddable":true,"href":"https:\/\/www.swingtec.de\/fr\/wp-json\/wp\/v2\/users\/1"}],"replies":[{"embeddable":true,"href":"https:\/\/www.swingtec.de\/fr\/wp-json\/wp\/v2\/comments?post=3478"}],"version-history":[{"count":4,"href":"https:\/\/www.swingtec.de\/fr\/wp-json\/wp\/v2\/pages\/3478\/revisions"}],"predecessor-version":[{"id":7403,"href":"https:\/\/www.swingtec.de\/fr\/wp-json\/wp\/v2\/pages\/3478\/revisions\/7403"}],"wp:attachment":[{"href":"https:\/\/www.swingtec.de\/fr\/wp-json\/wp\/v2\/media?parent=3478"}],"wp:term":[{"taxonomy":"category","embeddable":true,"href":"https:\/\/www.swingtec.de\/fr\/wp-json\/wp\/v2\/categories?post=3478"},{"taxonomy":"post_tag","embeddable":true,"href":"https:\/\/www.swingtec.de\/fr\/wp-json\/wp\/v2\/tags?post=3478"}],"curies":[{"name":"wp","href":"https:\/\/api.w.org\/{rel}","templated":true}]}}