{"id":4556,"date":"2016-01-13T16:19:42","date_gmt":"2016-01-13T15:19:42","guid":{"rendered":"http:\/\/www.suedsicht-projekte.de\/swingtec\/download\/"},"modified":"2021-11-27T13:59:27","modified_gmt":"2021-11-27T12:59:27","slug":"download","status":"publish","type":"page","link":"https:\/\/www.swingtec.de\/fr\/download\/","title":{"rendered":"Centre de t\u00e9l\u00e9chargement"},"content":{"rendered":"<p>Vous trouverez ici nos brochures, fiches de donn\u00e9es et manuels d&rsquo;utilisation courts \u00e0 t\u00e9l\u00e9charger au format PDF.<\/p>\n","protected":false},"excerpt":{"rendered":"<p>Vous trouverez ici nos brochures, fiches de donn\u00e9es et manuels d&rsquo;utilisation courts \u00e0 t\u00e9l\u00e9charger au format PDF.<\/p>\n","protected":false},"author":1,"featured_media":5124,"parent":0,"menu_order":39,"comment_status":"closed","ping_status":"closed","template":"","meta":{"_acf_changed":false,"_monsterinsights_skip_tracking":false,"_monsterinsights_sitenote_active":false,"_monsterinsights_sitenote_note":"","_monsterinsights_sitenote_category":0,"footnotes":""},"categories":[],"tags":[],"acf":[],"aioseo_notices":[],"_links":{"self":[{"href":"https:\/\/www.swingtec.de\/fr\/wp-json\/wp\/v2\/pages\/4556"}],"collection":[{"href":"https:\/\/www.swingtec.de\/fr\/wp-json\/wp\/v2\/pages"}],"about":[{"href":"https:\/\/www.swingtec.de\/fr\/wp-json\/wp\/v2\/types\/page"}],"author":[{"embeddable":true,"href":"https:\/\/www.swingtec.de\/fr\/wp-json\/wp\/v2\/users\/1"}],"replies":[{"embeddable":true,"href":"https:\/\/www.swingtec.de\/fr\/wp-json\/wp\/v2\/comments?post=4556"}],"version-history":[{"count":30,"href":"https:\/\/www.swingtec.de\/fr\/wp-json\/wp\/v2\/pages\/4556\/revisions"}],"predecessor-version":[{"id":7363,"href":"https:\/\/www.swingtec.de\/fr\/wp-json\/wp\/v2\/pages\/4556\/revisions\/7363"}],"wp:featuredmedia":[{"embeddable":true,"href":"https:\/\/www.swingtec.de\/fr\/wp-json\/wp\/v2\/media\/5124"}],"wp:attachment":[{"href":"https:\/\/www.swingtec.de\/fr\/wp-json\/wp\/v2\/media?parent=4556"}],"wp:term":[{"taxonomy":"category","embeddable":true,"href":"https:\/\/www.swingtec.de\/fr\/wp-json\/wp\/v2\/categories?post=4556"},{"taxonomy":"post_tag","embeddable":true,"href":"https:\/\/www.swingtec.de\/fr\/wp-json\/wp\/v2\/tags?post=4556"}],"curies":[{"name":"wp","href":"https:\/\/api.w.org\/{rel}","templated":true}]}}